{"id":128,"date":"2020-11-15T23:34:18","date_gmt":"2020-11-15T22:34:18","guid":{"rendered":"http:\/\/djduckk.feelingandsound.com\/?page_id=128"},"modified":"2023-06-08T12:47:37","modified_gmt":"2023-06-08T10:47:37","slug":"biographie","status":"publish","type":"page","link":"https:\/\/djduckk.feelingandsound.com\/index.php\/biographie\/","title":{"rendered":"BIOGRAPHIE"},"content":{"rendered":"\t\t<div data-elementor-type=\"wp-page\" data-elementor-id=\"128\" class=\"elementor elementor-128\" data-elementor-post-type=\"page\">\n\t\t\t\t\t\t<section class=\"elementor-section elementor-top-section elementor-element elementor-element-432c8c2 elementor-section-full_width elementor-section-height-default elementor-section-height-default\" data-id=\"432c8c2\" data-element_type=\"section\" data-settings=\"{&quot;background_background&quot;:&quot;classic&quot;}\">\n\t\t\t\t\t\t<div class=\"elementor-container elementor-column-gap-default\">\n\t\t\t\t\t<div class=\"elementor-column elementor-col-50 elementor-top-column elementor-element elementor-element-18d1ac6\" data-id=\"18d1ac6\" data-element_type=\"column\" data-settings=\"{&quot;background_background&quot;:&quot;slideshow&quot;,&quot;background_slideshow_gallery&quot;:[{&quot;id&quot;:978,&quot;url&quot;:&quot;https:\\\/\\\/djduckk.feelingandsound.com\\\/wp-content\\\/uploads\\\/2023\\\/06\\\/DUCKK-photo-Jerome-Spire.jpg&quot;},{&quot;id&quot;:73,&quot;url&quot;:&quot;https:\\\/\\\/djduckk.feelingandsound.com\\\/wp-content\\\/uploads\\\/2020\\\/11\\\/Duckk_Te\\u0301le\\u0301vision_Suisse.jpg&quot;},{&quot;id&quot;:1056,&quot;url&quot;:&quot;https:\\\/\\\/djduckk.feelingandsound.com\\\/wp-content\\\/uploads\\\/2023\\\/06\\\/DJ-GULL-DJ-DUCKK-1.jpg&quot;},{&quot;id&quot;:68,&quot;url&quot;:&quot;https:\\\/\\\/djduckk.feelingandsound.com\\\/wp-content\\\/uploads\\\/2020\\\/11\\\/DjGull_DjDuckk.jpg&quot;},{&quot;id&quot;:67,&quot;url&quot;:&quot;https:\\\/\\\/djduckk.feelingandsound.com\\\/wp-content\\\/uploads\\\/2020\\\/11\\\/DUCKK_photo_SG_Creation-scaled.jpg&quot;},{&quot;id&quot;:1055,&quot;url&quot;:&quot;https:\\\/\\\/djduckk.feelingandsound.com\\\/wp-content\\\/uploads\\\/2023\\\/06\\\/DJ-GULL-DJ-DUCKK.jpg&quot;},{&quot;id&quot;:979,&quot;url&quot;:&quot;https:\\\/\\\/djduckk.feelingandsound.com\\\/wp-content\\\/uploads\\\/2023\\\/06\\\/dj-duckk-photo-by-Sophie-Gaillard.jpg&quot;}],&quot;background_slideshow_slide_duration&quot;:3000,&quot;background_slideshow_loop&quot;:&quot;yes&quot;,&quot;background_slideshow_slide_transition&quot;:&quot;fade&quot;,&quot;background_slideshow_transition_duration&quot;:500}\">\n\t\t\t<div class=\"elementor-widget-wrap elementor-element-populated\">\n\t\t\t\t\t\t<div class=\"elementor-element elementor-element-20e23d6 elementor-widget elementor-widget-spacer\" data-id=\"20e23d6\" data-element_type=\"widget\" data-widget_type=\"spacer.default\">\n\t\t\t\t<div class=\"elementor-widget-container\">\n\t\t\t\t\t\t\t<div class=\"elementor-spacer\">\n\t\t\t<div class=\"elementor-spacer-inner\"><\/div>\n\t\t<\/div>\n\t\t\t\t\t\t<\/div>\n\t\t\t\t<\/div>\n\t\t\t\t\t<\/div>\n\t\t<\/div>\n\t\t\t\t<div class=\"elementor-column elementor-col-50 elementor-top-column elementor-element elementor-element-9ed3b93\" data-id=\"9ed3b93\" data-element_type=\"column\">\n\t\t\t<div class=\"elementor-widget-wrap elementor-element-populated\">\n\t\t\t\t\t\t<div class=\"elementor-element elementor-element-a8ef938 elementor-widget elementor-widget-heading\" data-id=\"a8ef938\" data-element_type=\"widget\" data-widget_type=\"heading.default\">\n\t\t\t\t<div class=\"elementor-widget-container\">\n\t\t\t\t\t<h1 class=\"elementor-heading-title elementor-size-xl\">BIOGRAPHIE<\/h1>\t\t\t\t<\/div>\n\t\t\t\t<\/div>\n\t\t\t\t<div class=\"elementor-element elementor-element-89f43aa elementor-widget elementor-widget-text-editor\" data-id=\"89f43aa\" data-element_type=\"widget\" data-widget_type=\"text-editor.default\">\n\t\t\t\t<div class=\"elementor-widget-container\">\n\t\t\t\t\t\t\t\t\t<p class=\"p1\">DJ depuis la fin des ann\u00e9es 90, Duckk amorce sa carri\u00e8re au mythique <a href=\"https:\/\/www.facebook.com\/Bar.Mark13.Grenoble\" target=\"_blank\" rel=\"noopener\">MARK XIII<\/a> de Grenoble, aux c\u00f4t\u00e9s de <a href=\"https:\/\/www.facebook.com\/DJTheHacker\/\" target=\"_blank\" rel=\"noopener\">The Hacker<\/a>, <a href=\"https:\/\/www.misskittin.com\/\" target=\"_blank\" rel=\"noopener\">Miss Kittin<\/a> et <a href=\"http:\/\/www.oxia-dj.com\/\" target=\"_blank\" rel=\"noopener\">Oxia<\/a>. En 2001, il fonde le collectif <a href=\"https:\/\/www.feelingandsound.com\" target=\"_blank\" rel=\"noopener\"><strong>Feeling&amp;Sound<\/strong><\/a> et mixe dans les clubs, festivals, salles de concerts et bars \u00e0 travers l&rsquo;Europe.<\/p><p class=\"p1\">V\u00e9ritable cam\u00e9l\u00e9on des platines, Dj Duckk aime partager ses p\u00e9pites musicales et faire voyager son public entre musiques traditionnelles et futuristes. Autant \u00e0 l&rsquo;aise dans des ambiances \u00ab\u00a0lounge\u00a0\u00bb (cocktails, vernissages, after-work,&#8230;) que face \u00e0 un dancefloor, il propose un savoureux m\u00e9lange de musiques \u00e9lectroniques, funk, rock, hip-hop, jazz et world.\u00a0<\/p><p class=\"p1\">Il a l&rsquo;honneur de jouer dans quelques lieux et \u00e9v\u00e9nements prestigieux (<a href=\"https:\/\/www.bdangouleme.com\/\" target=\"_blank\" rel=\"noopener\">Festival International de la Bande Dessin\u00e9e d&rsquo;Angoul\u00eame<\/a>, <a href=\"https:\/\/www.freeride.com\/ski-resorts\/zinal\/\" target=\"_blank\" rel=\"noopener\">Freeride International Contest de Zinal<\/a>, <a href=\"https:\/\/www.hrgigermuseum.com\/\" target=\"_blank\" rel=\"noopener\">Mus\u00e9e HR Giger<\/a> de Gruy\u00e8res, <a href=\"https:\/\/www.crossclub.cz\/\" target=\"_blank\" rel=\"noopener\">Cross Club<\/a> de Prague, <a href=\"https:\/\/www.usine.ch\/\" target=\"_blank\" rel=\"noopener\">Usine<\/a> et <a href=\"https:\/\/audio-club.ch\/\" target=\"_blank\" rel=\"noopener\">Audio<\/a> de Gen\u00e8ve, <a href=\"https:\/\/www.facebook.com\/Klub-Kamikaze-165517103494441\/\" target=\"_blank\" rel=\"noopener\">Kamikaze Klub<\/a> de Freiburg,&#8230;) et de partager la sc\u00e8ne avec des artistes internationaux tel que <a href=\"https:\/\/www.archiveofficial.uk\/\" target=\"_blank\" rel=\"noopener\">Archive<\/a>, <a href=\"https:\/\/www.facebook.com\/JimMurpleMemorial\/\" target=\"_blank\" rel=\"noopener\">Jim Murple Memorial<\/a>, <a href=\"https:\/\/www.waxtailor.com\/\" target=\"_blank\" rel=\"noopener\">Wax Tailor<\/a>, <a href=\"https:\/\/www.facebook.com\/arebotini\/\" target=\"_blank\" rel=\"noopener\">Arnaud Rebotini<\/a>, <a href=\"https:\/\/www.facebook.com\/David-Carretta-110322897838\/\" target=\"_blank\" rel=\"noopener\">David Carretta<\/a>, <a href=\"https:\/\/www.raumschmiere.com\/\" target=\"_blank\" rel=\"noopener\">T.Raumschmiere<\/a>, <a href=\"https:\/\/www.facebook.com\/hypehypehype\/\" target=\"_blank\" rel=\"noopener\">DJ Hype<\/a>, <a href=\"https:\/\/www.facebook.com\/KOMPROMATmusic\/\" target=\"_blank\" rel=\"noopener\">Kompromat<\/a>, <a href=\"https:\/\/www.facebook.com\/sophiewatkinsmusic\/\" target=\"_blank\" rel=\"noopener\">Sophie Watkins<\/a>,&#8230;<\/p>\t\t\t\t\t\t\t\t<\/div>\n\t\t\t\t<\/div>\n\t\t\t\t<section class=\"elementor-section elementor-inner-section elementor-element elementor-element-6f84f5e elementor-section-boxed elementor-section-height-default elementor-section-height-default\" data-id=\"6f84f5e\" data-element_type=\"section\">\n\t\t\t\t\t\t<div class=\"elementor-container elementor-column-gap-default\">\n\t\t\t\t\t<div class=\"elementor-column elementor-col-100 elementor-inner-column elementor-element elementor-element-78b2c0c\" data-id=\"78b2c0c\" data-element_type=\"column\">\n\t\t\t<div class=\"elementor-widget-wrap elementor-element-populated\">\n\t\t\t\t\t\t<div class=\"elementor-element elementor-element-2f61ae4 elementor-align-center elementor-widget elementor-widget-button\" data-id=\"2f61ae4\" data-element_type=\"widget\" data-widget_type=\"button.default\">\n\t\t\t\t<div class=\"elementor-widget-container\">\n\t\t\t\t\t\t\t\t\t<div class=\"elementor-button-wrapper\">\n\t\t\t\t\t<a class=\"elementor-button elementor-button-link elementor-size-xs\" href=\"http:\/\/djduckk.feelingandsound.com\/index.php\/contacts\/\">\n\t\t\t\t\t\t<span class=\"elementor-button-content-wrapper\">\n\t\t\t\t\t\t\t\t\t<span class=\"elementor-button-text\">BOOK NOW !<\/span>\n\t\t\t\t\t<\/span>\n\t\t\t\t\t<\/a>\n\t\t\t\t<\/div>\n\t\t\t\t\t\t\t\t<\/div>\n\t\t\t\t<\/div>\n\t\t\t\t\t<\/div>\n\t\t<\/div>\n\t\t\t\t\t<\/div>\n\t\t<\/section>\n\t\t\t\t\t<\/div>\n\t\t<\/div>\n\t\t\t\t\t<\/div>\n\t\t<\/section>\n\t\t\t\t<section class=\"elementor-section elementor-top-section elementor-element elementor-element-bf0f79c elementor-section-full_width elementor-section-height-default elementor-section-height-default\" data-id=\"bf0f79c\" data-element_type=\"section\" data-settings=\"{&quot;background_background&quot;:&quot;classic&quot;}\">\n\t\t\t\t\t\t<div class=\"elementor-container elementor-column-gap-default\">\n\t\t\t\t\t<div class=\"elementor-column elementor-col-25 elementor-top-column elementor-element elementor-element-5d004f1\" data-id=\"5d004f1\" data-element_type=\"column\">\n\t\t\t<div class=\"elementor-widget-wrap elementor-element-populated\">\n\t\t\t\t\t\t<div class=\"elementor-element elementor-element-001d474 elementor-widget elementor-widget-video\" data-id=\"001d474\" data-element_type=\"widget\" data-settings=\"{&quot;youtube_url&quot;:&quot;https:\\\/\\\/youtu.be\\\/y_vVkoEVleE&quot;,&quot;video_type&quot;:&quot;youtube&quot;,&quot;controls&quot;:&quot;yes&quot;}\" data-widget_type=\"video.default\">\n\t\t\t\t<div class=\"elementor-widget-container\">\n\t\t\t\t\t\t\t<div class=\"elementor-wrapper elementor-open-inline\">\n\t\t\t<div class=\"elementor-video\"><\/div>\t\t<\/div>\n\t\t\t\t\t\t<\/div>\n\t\t\t\t<\/div>\n\t\t\t\t\t<\/div>\n\t\t<\/div>\n\t\t\t\t<div class=\"elementor-column elementor-col-25 elementor-top-column elementor-element elementor-element-100c11e\" data-id=\"100c11e\" data-element_type=\"column\">\n\t\t\t<div class=\"elementor-widget-wrap elementor-element-populated\">\n\t\t\t\t\t\t<div class=\"elementor-element elementor-element-d0ca515 elementor-widget elementor-widget-video\" data-id=\"d0ca515\" data-element_type=\"widget\" data-settings=\"{&quot;youtube_url&quot;:&quot;https:\\\/\\\/youtu.be\\\/bO-WMyKltSc&quot;,&quot;video_type&quot;:&quot;youtube&quot;,&quot;controls&quot;:&quot;yes&quot;}\" data-widget_type=\"video.default\">\n\t\t\t\t<div class=\"elementor-widget-container\">\n\t\t\t\t\t\t\t<div class=\"elementor-wrapper elementor-open-inline\">\n\t\t\t<div class=\"elementor-video\"><\/div>\t\t<\/div>\n\t\t\t\t\t\t<\/div>\n\t\t\t\t<\/div>\n\t\t\t\t\t<\/div>\n\t\t<\/div>\n\t\t\t\t<div class=\"elementor-column elementor-col-25 elementor-top-column elementor-element elementor-element-ddf4ed2\" data-id=\"ddf4ed2\" data-element_type=\"column\">\n\t\t\t<div class=\"elementor-widget-wrap elementor-element-populated\">\n\t\t\t\t\t\t<div class=\"elementor-element elementor-element-150f778 elementor-widget elementor-widget-video\" data-id=\"150f778\" data-element_type=\"widget\" data-settings=\"{&quot;youtube_url&quot;:&quot;https:\\\/\\\/youtu.be\\\/LoZja3tYV6Y&quot;,&quot;video_type&quot;:&quot;youtube&quot;,&quot;controls&quot;:&quot;yes&quot;}\" data-widget_type=\"video.default\">\n\t\t\t\t<div class=\"elementor-widget-container\">\n\t\t\t\t\t\t\t<div class=\"elementor-wrapper elementor-open-inline\">\n\t\t\t<div class=\"elementor-video\"><\/div>\t\t<\/div>\n\t\t\t\t\t\t<\/div>\n\t\t\t\t<\/div>\n\t\t\t\t\t<\/div>\n\t\t<\/div>\n\t\t\t\t<div class=\"elementor-column elementor-col-25 elementor-top-column elementor-element elementor-element-7965876\" data-id=\"7965876\" data-element_type=\"column\">\n\t\t\t<div class=\"elementor-widget-wrap elementor-element-populated\">\n\t\t\t\t\t\t<div class=\"elementor-element elementor-element-44ca010 elementor-widget elementor-widget-video\" data-id=\"44ca010\" data-element_type=\"widget\" data-settings=\"{&quot;youtube_url&quot;:&quot;https:\\\/\\\/youtu.be\\\/R0nLsrwikY4&quot;,&quot;video_type&quot;:&quot;youtube&quot;,&quot;controls&quot;:&quot;yes&quot;}\" data-widget_type=\"video.default\">\n\t\t\t\t<div class=\"elementor-widget-container\">\n\t\t\t\t\t\t\t<div class=\"elementor-wrapper elementor-open-inline\">\n\t\t\t<div class=\"elementor-video\"><\/div>\t\t<\/div>\n\t\t\t\t\t\t<\/div>\n\t\t\t\t<\/div>\n\t\t\t\t\t<\/div>\n\t\t<\/div>\n\t\t\t\t\t<\/div>\n\t\t<\/section>\n\t\t\t\t<\/div>\n\t\t","protected":false},"excerpt":{"rendered":"<p>BIOGRAPHIE DJ depuis la fin des ann\u00e9es 90, Duckk amorce sa carri\u00e8re au mythique MARK XIII de Grenoble, aux c\u00f4t\u00e9s de The Hacker, Miss Kittin et Oxia. En 2001, il fonde le collectif Feeling&amp;Sound et mixe dans les clubs, festivals, salles de concerts et bars \u00e0 travers l&rsquo;Europe. V\u00e9ritable cam\u00e9l\u00e9on des platines, Dj Duckk aime partager ses p\u00e9pites musicales et &hellip; <\/p>\n","protected":false},"author":1,"featured_media":0,"parent":0,"menu_order":0,"comment_status":"closed","ping_status":"closed","template":"elementor_header_footer","meta":{"_monsterinsights_skip_tracking":false,"_monsterinsights_sitenote_active":false,"_monsterinsights_sitenote_note":"","_monsterinsights_sitenote_category":0,"footnotes":""},"class_list":["post-128","page","type-page","status-publish","hentry"],"_links":{"self":[{"href":"https:\/\/djduckk.feelingandsound.com\/index.php\/wp-json\/wp\/v2\/pages\/128","targetHints":{"allow":["GET"]}}],"collection":[{"href":"https:\/\/djduckk.feelingandsound.com\/index.php\/wp-json\/wp\/v2\/pages"}],"about":[{"href":"https:\/\/djduckk.feelingandsound.com\/index.php\/wp-json\/wp\/v2\/types\/page"}],"author":[{"embeddable":true,"href":"https:\/\/djduckk.feelingandsound.com\/index.php\/wp-json\/wp\/v2\/users\/1"}],"replies":[{"embeddable":true,"href":"https:\/\/djduckk.feelingandsound.com\/index.php\/wp-json\/wp\/v2\/comments?post=128"}],"version-history":[{"count":149,"href":"https:\/\/djduckk.feelingandsound.com\/index.php\/wp-json\/wp\/v2\/pages\/128\/revisions"}],"predecessor-version":[{"id":1110,"href":"https:\/\/djduckk.feelingandsound.com\/index.php\/wp-json\/wp\/v2\/pages\/128\/revisions\/1110"}],"wp:attachment":[{"href":"https:\/\/djduckk.feelingandsound.com\/index.php\/wp-json\/wp\/v2\/media?parent=128"}],"curies":[{"name":"wp","href":"https:\/\/api.w.org\/{rel}","templated":true}]}}